{"id":107,"date":"2014-05-22T18:41:08","date_gmt":"2014-05-22T18:41:08","guid":{"rendered":"http:\/\/76d.637.myftpupload.com\/?page_id=107"},"modified":"2025-12-01T01:57:09","modified_gmt":"2025-12-01T01:57:09","slug":"a-propos","status":"publish","type":"page","link":"https:\/\/emilymoody.com\/fr\/","title":{"rendered":"Bienvenue"},"content":{"rendered":"<p style=\"text-align: left;\"><img loading=\"lazy\" decoding=\"async\" class=\"wp-image-3751 size-medium alignleft\" src=\"https:\/\/emilymoody.com\/wp-content\/uploads\/2015\/03\/Mindfulness-Montreal-MBSR-300x112.jpg\" alt=\"\" width=\"300\" height=\"112\" srcset=\"https:\/\/emilymoody.com\/wp-content\/uploads\/2015\/03\/Mindfulness-Montreal-MBSR-300x112.jpg 300w, https:\/\/emilymoody.com\/wp-content\/uploads\/2015\/03\/Mindfulness-Montreal-MBSR-1024x381.jpg 1024w, https:\/\/emilymoody.com\/wp-content\/uploads\/2015\/03\/Mindfulness-Montreal-MBSR.jpg 1600w\" sizes=\"(max-width: 300px) 100vw, 300px\" \/>Emily Moody est une psychoth\u00e9rapeute et travailleuse sociale travaillant avec des individus, des couples et des familles depuis 2010. Elle se sp\u00e9cialise plus particuli\u00e8rement dans la gestion du stress, l&#8217;anxi\u00e9t\u00e9, les difficult\u00e9s de communication, et la perte\/le deuil. Elle travaille avec des couples et des familles sur des probl\u00e8mes tels que l&#8217;infertilit\u00e9, le manque d&#8217;intimit\u00e9, les difficult\u00e9s d&#8217;\u00eatre parents, les diff\u00e9rences culturelles dans les relations, la s\u00e9paration\/le divorce, la famille recompos\u00e9e, la communaut\u00e9 LGBTQ et l&#8217;am\u00e9lioration g\u00e9n\u00e9rale de la qualit\u00e9 des relations. Emily est une th\u00e9rapeute affili\u00e9e avec quelques-uns des plus importants Programmes d&#8217;Aide aux Employ\u00e9s du Canada. Elle est actuellement en formation pour devenir un animateur de &#8220;Mindful Self-Compassion&#8221; avec le <a href=\"http:\/\/www.centerformsc.org\" target=\"_blank\" rel=\"noopener\">Centre de Mindfulness\u00a0\u00e0 l&#8217;Universit\u00e9 de Californie<\/a> de San Diego. <span class=\"Y2IQFc\" lang=\"fr\">Emily a r\u00e9cemment termin\u00e9 sa formation en syst\u00e8mes familiaux internes (IFS) et peut pratiquer comme une &#8220;IFS informed therapist&#8221;. <\/span><span class=\"Y2IQFc\" lang=\"fr\">Elle a \u00e9galement suivi une formation pour devenir une &#8220;Trauma-informed therapist&#8221; avec le <\/span><span class=\"Y2IQFc\" lang=\"fr\">Fondation de recherche en traumatologie.<\/span><\/p>\n<p>Elle a re\u00e7u une formation en th\u00e9rapie de couple et de famille de la clinique de th\u00e9rapie conjugale et familiale de l&#8217;h\u00f4pital g\u00e9n\u00e9ral juif de Montr\u00e9al en m\u00eame temps qu&#8217;elle obtenait une ma\u00eetrise en travail social de l&#8217;universit\u00e9 McGill. Elle a \u00e9galement de l&#8217;exp\u00e9rience en th\u00e9rapie et relation d&#8217;aide dans les d\u00e9partements d&#8217;obst\u00e9trique, d&#8217;oncologie et de psychiatrie de l&#8217;h\u00f4pital g\u00e9n\u00e9ral juif. Emily a re\u00e7u le Prix des anciens de McGill pour l&#8217;excellence clinique en 2010.<\/p>\n<p>Emily a enseign\u00e9 les ateliers de yoga et la pleine conscience depuis 2010. Elle a donn\u00e9 des formations de pleine conscience dans divers \u00e9tablissements \u00e0 Montr\u00e9al, par example l&#8217;Association Qu\u00e9b\u00e9coise des enfants d&#8217;\u00e2ge pr\u00e9scolaire de d\u00e9veloppement professionnel, Le Centre R\u00e9adaptation de Mackay, Ometz Services Sociaux, le d\u00e9partement de travail social \u00e0 l&#8217;Universit\u00e9 McGill, Migraine Z\u00e9ro et diverses \u00e9coles priv\u00e9es comme Sacr\u00e9-C\u0153ur et Miss Edgar&#8217;s et Miss Cramp&#8217;s. Elle est l&#8217;coauteure du livre Thai Yoga Therapy (Inner Traditions, 2006). Elle a re\u00e7u une formation pour devenir professeure de yoga, th\u00e9rapeute en massage yoga-tha\u00eflandais et conseill\u00e8re en ayurv\u00e9dique. Elle a enseign\u00e9 le yoga et tenu des ateliers d&#8217;ayurv\u00e9dique dans plusieurs centres de yoga reconnus internationalement, tels que Kripalu, l&#8217;\u00e9cole Lotus Palm et le centre de yoga Sivananda.<\/p>\n<p>Pour ceux qui le d\u00e9sirent, elle peut conjuguer son exp\u00e9rience professionnelle clinique en tant que th\u00e9rapeute avec son expertise de la pleine conscience et des pratiques orientales.<\/p>\n<p><a href=\"https:\/\/emilymoody.com\/wp-content\/uploads\/2015\/01\/Emily-Moody-Psychotherapist.png\"><img loading=\"lazy\" decoding=\"async\" class=\"aligncenter size-full wp-image-3255\" src=\"https:\/\/emilymoody.com\/wp-content\/uploads\/2015\/01\/Emily-Moody-Psychotherapist.png\" alt=\"Emily Moody, Psychotherapist\" width=\"727\" height=\"278\" srcset=\"https:\/\/emilymoody.com\/wp-content\/uploads\/2015\/01\/Emily-Moody-Psychotherapist.png 727w, https:\/\/emilymoody.com\/wp-content\/uploads\/2015\/01\/Emily-Moody-Psychotherapist-300x115.png 300w\" sizes=\"(max-width: 727px) 100vw, 727px\" \/><\/a><\/p>\n","protected":false},"excerpt":{"rendered":"<p>Emily Moody est une psychoth\u00e9rapeute et travailleuse sociale travaillant avec des individus, des couples et des familles depuis 2010. Elle se sp\u00e9cialise plus particuli\u00e8rement dans la gestion du stress, l&#8217;anxi\u00e9t\u00e9, les difficult\u00e9s de communication, et la perte\/le deuil. Elle travaille avec des couples et des familles sur des probl\u00e8mes tels que l&#8217;infertilit\u00e9, le manque d&#8217;intimit\u00e9, [&hellip;]<\/p>\n","protected":false},"author":4,"featured_media":0,"parent":0,"menu_order":0,"comment_status":"open","ping_status":"closed","template":"","meta":{"_genesis_hide_title":false,"_genesis_hide_breadcrumbs":false,"_genesis_hide_singular_image":false,"_genesis_hide_footer_widgets":false,"_genesis_custom_body_class":"","_genesis_custom_post_class":"","_genesis_layout":"","footnotes":""},"_links":{"self":[{"href":"https:\/\/emilymoody.com\/fr\/wp-json\/wp\/v2\/pages\/107"}],"collection":[{"href":"https:\/\/emilymoody.com\/fr\/wp-json\/wp\/v2\/pages"}],"about":[{"href":"https:\/\/emilymoody.com\/fr\/wp-json\/wp\/v2\/types\/page"}],"author":[{"embeddable":true,"href":"https:\/\/emilymoody.com\/fr\/wp-json\/wp\/v2\/users\/4"}],"replies":[{"embeddable":true,"href":"https:\/\/emilymoody.com\/fr\/wp-json\/wp\/v2\/comments?post=107"}],"version-history":[{"count":17,"href":"https:\/\/emilymoody.com\/fr\/wp-json\/wp\/v2\/pages\/107\/revisions"}],"predecessor-version":[{"id":5321,"href":"https:\/\/emilymoody.com\/fr\/wp-json\/wp\/v2\/pages\/107\/revisions\/5321"}],"wp:attachment":[{"href":"https:\/\/emilymoody.com\/fr\/wp-json\/wp\/v2\/media?parent=107"}],"curies":[{"name":"wp","href":"https:\/\/api.w.org\/{rel}","templated":true}]}}