{"id":3381,"date":"2015-02-17T19:07:10","date_gmt":"2015-02-17T19:07:10","guid":{"rendered":"http:\/\/76d.637.myftpupload.com\/?page_id=3381"},"modified":"2026-01-24T13:15:56","modified_gmt":"2026-01-24T13:15:56","slug":"therapie","status":"publish","type":"page","link":"https:\/\/emilymoody.com\/fr\/therapie\/","title":{"rendered":"Psychoth\u00e9rapie"},"content":{"rendered":"<p>Emily a re\u00e7u une formation d&#8217;approche int\u00e9gr\u00e9e \u00e0 la th\u00e9rapie qui consiste en une combinaison d&#8217;orientations th\u00e9oriques et de m\u00e9thodologies telles que la th\u00e9orie de syst\u00e8mes, la th\u00e9orie de l&#8217;attachement, la th\u00e9rapie se concentrant sur les \u00e9motions (emotionally-focused therapy (EFT)), la th\u00e9rapie se concentrant sur les solutions (solution- focused therapy (SFT)), la th\u00e9rapie narrative et les approches bas\u00e9es sur la pleine conscience. Elle int\u00e8gre \u00e9galement une approche bas\u00e9e sur la pleine conscience bas\u00e9e sur la formation professionnelle, elle a fait sous la direction du Dr Jon Kabat-Zinn et Saki Dr Santorelli du Center for Mindfulness \u00e0 l&#8217;Universit\u00e9 du Massachusetts Medical School.<\/p>\n<p>Emily est \u00e9galement dipl\u00f4m\u00e9 du programme d&#8217;\u00e9tudes ayurv\u00e9diques avec Dr David Frawley et a form\u00e9 avec Dr Lad \u00e0 l&#8217;Institut Ayurv\u00e9dique au Nouveau-Mexique. Elle offre des consultations ayurv\u00e9diques qui peuvent \u00eatre combin\u00e9s avec d&#8217;autres approches th\u00e9rapeutiques.<\/p>\n<p>Le taux normal pour une session de 50 minutes est de $160 (ou $190 pour les couples ou les familles).<\/p>\n<p>Emily peut\u00a0\u00e9mettre des re\u00e7us pour fins d&#8217;assurance professionnelle comme une psychoth\u00e9rapeute et une travailleur social o. Si vous souhaitez v\u00e9rifier aupr\u00e8s de votre compagnie d&#8217;assurance afin de v\u00e9rifier votre couverture, voici les ordres qu&#8217;elle appartient.<\/p>\n<ul>\n<li>Ordre des Psychologues (comme psychoth\u00e9rapeute): le num\u00e9ro de permis 60297-13<\/li>\n<li>Ordre des Travailleurs Sociaux (MOOE10 \/ 07 \/ 120TS) et comme Th\u00e9rapeute Conjugal et Familial (MOOE14 \/ 05 \/ 230TCF)<\/li>\n<\/ul>\n<p><a href=\"https:\/\/emilymoody.com\/wp-content\/uploads\/2015\/01\/Psychotherapy-Montreal.jpg\"><img loading=\"lazy\" decoding=\"async\" class=\"aligncenter size-full wp-image-3539\" src=\"https:\/\/emilymoody.com\/wp-content\/uploads\/2015\/01\/Psychotherapy-Montreal.jpg\" alt=\"Montreal Psychotherapist\" width=\"1000\" height=\"558\" srcset=\"https:\/\/emilymoody.com\/wp-content\/uploads\/2015\/01\/Psychotherapy-Montreal.jpg 1000w, https:\/\/emilymoody.com\/wp-content\/uploads\/2015\/01\/Psychotherapy-Montreal-300x167.jpg 300w\" sizes=\"(max-width: 1000px) 100vw, 1000px\" \/><\/a><\/p>\n","protected":false},"excerpt":{"rendered":"<p>Emily a re\u00e7u une formation d&#8217;approche int\u00e9gr\u00e9e \u00e0 la th\u00e9rapie qui consiste en une combinaison d&#8217;orientations th\u00e9oriques et de m\u00e9thodologies telles que la th\u00e9orie de syst\u00e8mes, la th\u00e9orie de l&#8217;attachement, la th\u00e9rapie se concentrant sur les \u00e9motions (emotionally-focused therapy (EFT)), la th\u00e9rapie se concentrant sur les solutions (solution- focused therapy (SFT)), la th\u00e9rapie narrative et [&hellip;]<\/p>\n","protected":false},"author":2,"featured_media":3539,"parent":0,"menu_order":0,"comment_status":"open","ping_status":"open","template":"","meta":{"_genesis_hide_title":false,"_genesis_hide_breadcrumbs":false,"_genesis_hide_singular_image":false,"_genesis_hide_footer_widgets":false,"_genesis_custom_body_class":"","_genesis_custom_post_class":"","_genesis_layout":"","footnotes":""},"_links":{"self":[{"href":"https:\/\/emilymoody.com\/fr\/wp-json\/wp\/v2\/pages\/3381"}],"collection":[{"href":"https:\/\/emilymoody.com\/fr\/wp-json\/wp\/v2\/pages"}],"about":[{"href":"https:\/\/emilymoody.com\/fr\/wp-json\/wp\/v2\/types\/page"}],"author":[{"embeddable":true,"href":"https:\/\/emilymoody.com\/fr\/wp-json\/wp\/v2\/users\/2"}],"replies":[{"embeddable":true,"href":"https:\/\/emilymoody.com\/fr\/wp-json\/wp\/v2\/comments?post=3381"}],"version-history":[{"count":12,"href":"https:\/\/emilymoody.com\/fr\/wp-json\/wp\/v2\/pages\/3381\/revisions"}],"predecessor-version":[{"id":5324,"href":"https:\/\/emilymoody.com\/fr\/wp-json\/wp\/v2\/pages\/3381\/revisions\/5324"}],"wp:featuredmedia":[{"embeddable":true,"href":"https:\/\/emilymoody.com\/fr\/wp-json\/wp\/v2\/media\/3539"}],"wp:attachment":[{"href":"https:\/\/emilymoody.com\/fr\/wp-json\/wp\/v2\/media?parent=3381"}],"curies":[{"name":"wp","href":"https:\/\/api.w.org\/{rel}","templated":true}]}}