{"id":3388,"date":"2015-02-17T19:21:31","date_gmt":"2015-02-17T19:21:31","guid":{"rendered":"http:\/\/76d.637.myftpupload.com\/?page_id=3388"},"modified":"2015-02-23T20:11:33","modified_gmt":"2015-02-23T20:11:33","slug":"pleine-conscience","status":"publish","type":"page","link":"https:\/\/emilymoody.com\/fr\/pleine-conscience\/","title":{"rendered":"Pleine Conscience"},"content":{"rendered":"<p>La pleine conscience est une approche th\u00e9rapeutique qui consiste \u00e0 amener toute son attention au moment pr\u00e9sent, \u00e0 l&#8217;accepter et \u00e0 s&#8217;ouvrir enti\u00e8rement \u00e0 lui sans \u00eatre envahi par les pens\u00e9es complexes ou les r\u00e9actions \u00e9motionnelles qui peuvent surgir.<\/p>\n<p>Des techniques de pleine conscience sont utilis\u00e9es afin de d\u00e9velopper une conscience de l&#8217;activit\u00e9 de l&#8217;esprit. Ainsi, l&#8217;individu conscient ne s&#8217;identifie pas \u00e0 ses pens\u00e9es et n&#8217;est pas amen\u00e9 \u00e0 voir celles-ci comme un reflet de la r\u00e9alit\u00e9. Lorsqu&#8217;on est conscient, on est moins port\u00e9 \u00e0 juger ou \u00e0 rejeter ce qui se passe dans le pr\u00e9sent.<\/p>\n<p>En pr\u00e9servant un \u00e9tat de pleine conscience \u00e0 chaque moment, une personne commence \u00e0 reconna\u00eetre le mode de fonctionnement de ses pens\u00e9es et \u00e9motions ainsi que sa mani\u00e8re d&#8217;interagir avec les autres. Ce processus lui permet d&#8217;agir ad\u00e9quatement par rapport \u00e0 une situation au lieu de r\u00e9agir de fa\u00e7on automatique par habitude ou par acquis.<\/p>\n<p>Emily pratique la pleine conscience depuis plus de 10 ans et elle s&#8217;est concentr\u00e9e plusieurs ann\u00e9es sur cette approche alors qu&#8217;elle r\u00e9sidait en Asie. Elle a \u00e9galement effectu\u00e9 des recherches et d\u00e9velopp\u00e9 des techniques reli\u00e9es \u00e0 l&#8217;int\u00e9gration de cette conscience \u00e0 la th\u00e9rapie conjugale et familiale durant ses \u00e9tudes \u00e0 l&#8217;universit\u00e9 McGill.<\/p>\n<p><em>Veuillez noter :<\/em><br \/>\nIl n&#8217;est pas n\u00e9cessaire de pratiquer la m\u00e9ditation, le yoga ou d&#8217;avoir quelque croyance que ce soit afin de b\u00e9n\u00e9ficier de cette approche, car tout le monde a acc\u00e8s \u00e0 sa conscience.<\/p>\n<p><a href=\"https:\/\/emilymoody.com\/fr\/cours\/\">Ateliers sur la pleine conscience \u00bb<\/a>\u00a0<\/p>\n","protected":false},"excerpt":{"rendered":"<p>La pleine conscience est une approche th\u00e9rapeutique qui consiste \u00e0 amener toute son attention au moment pr\u00e9sent, \u00e0 l&#8217;accepter et \u00e0 s&#8217;ouvrir enti\u00e8rement \u00e0 lui sans \u00eatre envahi par les pens\u00e9es complexes ou les r\u00e9actions \u00e9motionnelles qui peuvent surgir. Des techniques de pleine conscience sont utilis\u00e9es afin de d\u00e9velopper une conscience de l&#8217;activit\u00e9 de l&#8217;esprit. [&hellip;]<\/p>\n","protected":false},"author":2,"featured_media":0,"parent":0,"menu_order":0,"comment_status":"open","ping_status":"open","template":"","meta":{"_genesis_hide_title":false,"_genesis_hide_breadcrumbs":false,"_genesis_hide_singular_image":false,"_genesis_hide_footer_widgets":false,"_genesis_custom_body_class":"","_genesis_custom_post_class":"","_genesis_layout":"","footnotes":""},"_links":{"self":[{"href":"https:\/\/emilymoody.com\/fr\/wp-json\/wp\/v2\/pages\/3388"}],"collection":[{"href":"https:\/\/emilymoody.com\/fr\/wp-json\/wp\/v2\/pages"}],"about":[{"href":"https:\/\/emilymoody.com\/fr\/wp-json\/wp\/v2\/types\/page"}],"author":[{"embeddable":true,"href":"https:\/\/emilymoody.com\/fr\/wp-json\/wp\/v2\/users\/2"}],"replies":[{"embeddable":true,"href":"https:\/\/emilymoody.com\/fr\/wp-json\/wp\/v2\/comments?post=3388"}],"version-history":[{"count":8,"href":"https:\/\/emilymoody.com\/fr\/wp-json\/wp\/v2\/pages\/3388\/revisions"}],"predecessor-version":[{"id":3629,"href":"https:\/\/emilymoody.com\/fr\/wp-json\/wp\/v2\/pages\/3388\/revisions\/3629"}],"wp:attachment":[{"href":"https:\/\/emilymoody.com\/fr\/wp-json\/wp\/v2\/media?parent=3388"}],"curies":[{"name":"wp","href":"https:\/\/api.w.org\/{rel}","templated":true}]}}