{"id":3488,"date":"2015-01-14T18:13:11","date_gmt":"2015-01-14T18:13:11","guid":{"rendered":"http:\/\/76d.637.myftpupload.com\/mindfulness-in-your-relationships-2\/"},"modified":"2026-01-24T13:31:23","modified_gmt":"2026-01-24T13:31:23","slug":"mindfulness-in-your-relationships","status":"publish","type":"page","link":"https:\/\/emilymoody.com\/fr\/mindfulness-in-your-relationships\/","title":{"rendered":"Mindfulness &#038; les Communications Compatissantes"},"content":{"rendered":"<h3>This workshop is not being offered at this time, please subscribe to Emily\u2019s newsletter for announcements of further dates.<\/h3>\n<p><strong>Enseignant Principal:\u00a0<a href=\"https:\/\/emilymoody.com\/\">Emily Moody<\/a>\u00a0<\/strong><\/p>\n<p>Dans cet atelier, vous apprendrez comment communiquer le plus efficacement possible vos besoins, comment int\u00e9grer la compassion pour vous-m\u00eame et les autres dans vos relations difficiles et comment \u00e9couter, valider et empathiser avec ceux qui vous entourent. Dans cet atelier, vous apprendrez \u00e0 r\u00e9soudre les conflits dans votre vie avec la pleine conscience. Les participants apprendront des techniques d&#8217;\u00e9coute et de communication consciente, en commentant les attentes et les jugements nous emp\u00eachent souvent d&#8217;\u00eatre en mesure de pr\u00e9senter des pr\u00e9sents et engag\u00e9s dans nos relations avec les autres. Nous explorons aussi comment la culture de la compassion sw soi et pour les autres peut aider \u00e0 apporter la facilit\u00e9 et l&#8217;harmonie dans nos relations quotidiennes. Les techniques apprises dans cet atelier peuvent \u00eatre appliqu\u00e9es \u00e0 nos relations amoureuses, avec les membres de la famille, dans notre r\u00f4le de parents, avec des amis ou m\u00eame dans des milieux professionnels.<\/p>\n<p>D\u00e9couvrez comment int\u00e9grer la pleine conscience dans votre vie quotidienne et am\u00e9liorer vos relations \u00e0 travers:<\/p>\n<ul>\n<li>Communications avec la pleine conscience en utilisant les principes du mod\u00e8le de\u00a0Non-Violent Communications (NVC)<\/li>\n<li>\u00c9coute avec la plein conscience<\/li>\n<li>Comment r\u00e9duire la r\u00e9activit\u00e9 \u00e9motionnelle dans notre relations avec les autres<\/li>\n<li>Comment r\u00e9duire la jugement des autres et nous-m\u00eames<\/li>\n<li>D\u00e9veloppement de la compassion, la bont\u00e9 aimante et de pardon avec nous-m\u00eames et d&#8217;autres<\/li>\n<\/ul>\n<p>Ce cours est appropri\u00e9 pour les individus, les amis, les membres de famille et \/ ou les couples.<\/p>\n<p><strong>Pr\u00eat \u00e0 vous inscrire?<\/strong><b>\u00a0<\/b><\/p>\n<p><i style=\"color:#d7d7d7; font-size:18px\" class=\"awesome-credit-card\"><\/i> <a title=\"Mindfulness In Your Relationships | Online Registration\" href=\"https:\/\/emilymoody.com\/online-registration-mindfulness-in-your-relationships\/\" target=\"_blank\" rel=\"noopener\">Pour vous inscrire \u00bb<\/a><\/p>\n<p><a href=\"https:\/\/emilymoody.com\/wp-content\/uploads\/2015\/02\/emily-psychotherapy.png\"><img loading=\"lazy\" decoding=\"async\" class=\"aligncenter size-full wp-image-3373\" src=\"https:\/\/emilymoody.com\/wp-content\/uploads\/2015\/02\/emily-psychotherapy.png\" alt=\"emily psychotherapy\" width=\"143\" height=\"142\" srcset=\"https:\/\/emilymoody.com\/wp-content\/uploads\/2015\/02\/emily-psychotherapy.png 143w, https:\/\/emilymoody.com\/wp-content\/uploads\/2015\/02\/emily-psychotherapy-50x50.png 50w\" sizes=\"(max-width: 143px) 100vw, 143px\" \/><\/a><\/p>\n","protected":false},"excerpt":{"rendered":"<p>This workshop is not being offered at this time, please subscribe to Emily\u2019s newsletter for announcements of further dates. Enseignant Principal:\u00a0Emily Moody\u00a0 Dans cet atelier, vous apprendrez comment communiquer le plus efficacement possible vos besoins, comment int\u00e9grer la compassion pour vous-m\u00eame et les autres dans vos relations difficiles et comment \u00e9couter, valider et empathiser avec [&hellip;]<\/p>\n","protected":false},"author":2,"featured_media":0,"parent":0,"menu_order":0,"comment_status":"open","ping_status":"open","template":"","meta":{"_genesis_hide_title":false,"_genesis_hide_breadcrumbs":false,"_genesis_hide_singular_image":false,"_genesis_hide_footer_widgets":false,"_genesis_custom_body_class":"","_genesis_custom_post_class":"","_genesis_layout":"","footnotes":""},"_links":{"self":[{"href":"https:\/\/emilymoody.com\/fr\/wp-json\/wp\/v2\/pages\/3488"}],"collection":[{"href":"https:\/\/emilymoody.com\/fr\/wp-json\/wp\/v2\/pages"}],"about":[{"href":"https:\/\/emilymoody.com\/fr\/wp-json\/wp\/v2\/types\/page"}],"author":[{"embeddable":true,"href":"https:\/\/emilymoody.com\/fr\/wp-json\/wp\/v2\/users\/2"}],"replies":[{"embeddable":true,"href":"https:\/\/emilymoody.com\/fr\/wp-json\/wp\/v2\/comments?post=3488"}],"version-history":[{"count":42,"href":"https:\/\/emilymoody.com\/fr\/wp-json\/wp\/v2\/pages\/3488\/revisions"}],"predecessor-version":[{"id":5332,"href":"https:\/\/emilymoody.com\/fr\/wp-json\/wp\/v2\/pages\/3488\/revisions\/5332"}],"wp:attachment":[{"href":"https:\/\/emilymoody.com\/fr\/wp-json\/wp\/v2\/media?parent=3488"}],"curies":[{"name":"wp","href":"https:\/\/api.w.org\/{rel}","templated":true}]}}