{"id":3510,"date":"2015-01-15T21:01:42","date_gmt":"2015-01-15T21:01:42","guid":{"rendered":"http:\/\/76d.637.myftpupload.com\/testimonials-3\/"},"modified":"2015-12-01T14:26:29","modified_gmt":"2015-12-01T14:26:29","slug":"testimonials","status":"publish","type":"page","link":"https:\/\/emilymoody.com\/fr\/testimonials\/","title":{"rendered":"T\u00e9moignages"},"content":{"rendered":"<div class=\"easy_testimonial\">\r\n\t<div class=\"light_grey-classic_style\">\r\n\t\t\t\t<script>\r\n\t\t\t{\r\n\t\t\t  \"@context\": \"http:\/\/schema.org\/\",\r\n\t\t\t  \"@type\": \"Review\",\r\n\t\t\t  \"itemReviewed\": {\r\n\t\t\t\t\"@type\": \"Organization\",\r\n\t\t\t\t\"name\": \"\"\t\t\t  },\r\n\t\t\t  \"reviewRating\": {\r\n\t\t\t\t\"@type\": \"Rating\",\r\n\t\t\t\t\"ratingValue\": 5,\r\n\t\t\t\t\"bestRating\": \"5\"\r\n\t\t\t  },\r\n\t\t\t  \"name\": \"AL, ancienne \\u00e9l\\u00e8ve de la MBSR\",\r\n\t\t\t  \"author\": {\r\n\t\t\t\t\"@type\": \"Person\",\r\n\t\t\t\t\"name\": \"~AL, ancienne \\u00e9l\\u00e8ve de la MBSR\"\t\t\t  },\r\n\t\t\t  \"reviewBody\": \"Un petit mot pour vous remercie de votre patience, votre d\\u00e9votion au cours et au respect qui vous accord\\u00e9 \\u00e0 chacun qui viens au cours. Vous nous avez transmis le don de l'amour de soi, de se qui nous entourn et apprecie le moment pr\\u00e9sent.\\n\"\t\t\t}\r\n\t\t<\/script>\r\n\t\t\t\t<div class=\"main-wrapper\">\r\n\t\t\t<div class=\"header-area-3\">\r\n\t\t\t\t<div class=\"title-area-3\">\r\n\t\t\t\t\t\t\t\t\t\t\t\t\t\t<\/div>\r\n\t\t\t\t<div class=\"rate-area-3\">\r\n\t\t\t\t\t\t\t\t\t\t<div class=\"date-3\">d\u00e9cembre 1, 2015<\/div>\r\n\t\t\t\t\t\t\t\t\t\t\t\t\t\t<\/div>\r\n\t\t\t<\/div>\r\n\t\t\t<div class=\"main-content-3\">\r\n\t\t\t\t<div class=\"testimonial_body\"><p>Un petit mot pour vous remercie de votre patience, votre d\u00e9votion au cours et au respect qui vous accord\u00e9 \u00e0 chacun qui viens au cours. Vous nous avez transmis le don de l'amour de soi, de se qui nous entourn et apprecie le moment pr\u00e9sent.<\/p>\n<\/div>\r\n\t\t\t<\/div>\r\n\t\t<\/div>\r\n\r\n\t\t<div class=\"footer-area-3\">\r\n\t\t\t\t\t\t<div class=\"footer-text-3\">\r\n\t\t\t\t\t\t\t\t<div class=\"testimonial-client\">~AL, ancienne \u00e9l\u00e8ve de la MBSR<\/div>\r\n\t\t\t\t\t\t\t\t\t\t\t<\/div>\r\n\t\t<\/div>\r\n\t<\/div>\r\n<\/div><div class=\"easy_testimonial\">\r\n\t<div class=\"light_grey-classic_style\">\r\n\t\t\t\t<script>\r\n\t\t\t{\r\n\t\t\t  \"@context\": \"http:\/\/schema.org\/\",\r\n\t\t\t  \"@type\": \"Review\",\r\n\t\t\t  \"itemReviewed\": {\r\n\t\t\t\t\"@type\": \"Organization\",\r\n\t\t\t\t\"name\": \"\"\t\t\t  },\r\n\t\t\t  \"reviewRating\": {\r\n\t\t\t\t\"@type\": \"Rating\",\r\n\t\t\t\t\"ratingValue\": 5,\r\n\t\t\t\t\"bestRating\": \"5\"\r\n\t\t\t  },\r\n\t\t\t  \"name\": \"~ Violaine Dasseville, Psychologue et art-th\\u00e9rapeute\",\r\n\t\t\t  \"author\": {\r\n\t\t\t\t\"@type\": \"Person\",\r\n\t\t\t\t\"name\": \"~ Violaine Dasseville, Psychologue et art-th\\u00e9rapeute\"\t\t\t  },\r\n\t\t\t  \"reviewBody\": \"Les ateliers de Mindfulness avec Emily ont chang\\u00e9 le rythme de ma vie. Je suis plus pr\\u00e9sente \\u00e0 moi m\\u00eame et aux autres et je savoure chaque journ\\u00e9e comme une nouvelle aventure. Apprendre a m\\u00e9diter m'a ouvert \\u00e0 une nouvelle perspective sur mon chemin de vie. Emily a le talent de nous monter la voie du minfulness \\u00e0 travers des ateliers en groupe d'une grande simplicit\\u00e9, dans la douceur et la bonne humeur.\\n\"\t\t\t}\r\n\t\t<\/script>\r\n\t\t\t\t<div class=\"main-wrapper\">\r\n\t\t\t<div class=\"header-area-3\">\r\n\t\t\t\t<div class=\"title-area-3\">\r\n\t\t\t\t\t\t\t\t\t\t\t\t\t\t<\/div>\r\n\t\t\t\t<div class=\"rate-area-3\">\r\n\t\t\t\t\t\t\t\t\t\t<div class=\"date-3\">f\u00e9vrier 19, 2015<\/div>\r\n\t\t\t\t\t\t\t\t\t\t\t\t\t\t<\/div>\r\n\t\t\t<\/div>\r\n\t\t\t<div class=\"main-content-3\">\r\n\t\t\t\t<div class=\"testimonial_body\"><p>Les ateliers de Mindfulness avec Emily ont chang\u00e9 le rythme de ma vie. Je suis plus pr\u00e9sente \u00e0 moi m\u00eame et aux autres et je savoure chaque journ\u00e9e comme une nouvelle aventure. Apprendre a m\u00e9diter m'a ouvert \u00e0 une nouvelle perspective sur mon chemin de vie. Emily a le talent de nous monter la voie du minfulness \u00e0 travers des ateliers en groupe d'une grande simplicit\u00e9, dans la douceur et la bonne humeur.<\/p>\n<\/div>\r\n\t\t\t<\/div>\r\n\t\t<\/div>\r\n\r\n\t\t<div class=\"footer-area-3\">\r\n\t\t\t\t\t\t<div class=\"footer-text-3\">\r\n\t\t\t\t\t\t\t\t<div class=\"testimonial-client\">~ Violaine Dasseville, Psychologue et art-th\u00e9rapeute<\/div>\r\n\t\t\t\t\t\t\t\t\t\t\t<\/div>\r\n\t\t<\/div>\r\n\t<\/div>\r\n<\/div><div class=\"easy_testimonial\">\r\n\t<div class=\"light_grey-classic_style\">\r\n\t\t\t\t<script>\r\n\t\t\t{\r\n\t\t\t  \"@context\": \"http:\/\/schema.org\/\",\r\n\t\t\t  \"@type\": \"Review\",\r\n\t\t\t  \"itemReviewed\": {\r\n\t\t\t\t\"@type\": \"Organization\",\r\n\t\t\t\t\"name\": \"\"\t\t\t  },\r\n\t\t\t  \"reviewRating\": {\r\n\t\t\t\t\"@type\": \"Rating\",\r\n\t\t\t\t\"ratingValue\": 5,\r\n\t\t\t\t\"bestRating\": \"5\"\r\n\t\t\t  },\r\n\t\t\t  \"name\": \"VL, ancienne \\u00e9l\\u00e8ve de la MBSR\",\r\n\t\t\t  \"author\": {\r\n\t\t\t\t\"@type\": \"Person\",\r\n\t\t\t\t\"name\": \"~VL, ancienne \\u00e9l\\u00e8ve de la MBSR\"\t\t\t  },\r\n\t\t\t  \"reviewBody\": \"\\u201cJ'ai ador\\u00e9 le cours, votre facon de l'enseigner et l'amour que se d\\u00e9gage de votre pratique.\\u201d \\n\"\t\t\t}\r\n\t\t<\/script>\r\n\t\t\t\t<div class=\"main-wrapper\">\r\n\t\t\t<div class=\"header-area-3\">\r\n\t\t\t\t<div class=\"title-area-3\">\r\n\t\t\t\t\t\t\t\t\t\t\t\t\t\t<\/div>\r\n\t\t\t\t<div class=\"rate-area-3\">\r\n\t\t\t\t\t\t\t\t\t\t<div class=\"date-3\">d\u00e9cembre 1, 2015<\/div>\r\n\t\t\t\t\t\t\t\t\t\t\t\t\t\t<\/div>\r\n\t\t\t<\/div>\r\n\t\t\t<div class=\"main-content-3\">\r\n\t\t\t\t<div class=\"testimonial_body\"><p>\u201cJ'ai ador\u00e9 le cours, votre facon de l'enseigner et l'amour que se d\u00e9gage de votre pratique.\u201d <\/p>\n<\/div>\r\n\t\t\t<\/div>\r\n\t\t<\/div>\r\n\r\n\t\t<div class=\"footer-area-3\">\r\n\t\t\t\t\t\t<div class=\"footer-text-3\">\r\n\t\t\t\t\t\t\t\t<div class=\"testimonial-client\">~VL, ancienne \u00e9l\u00e8ve de la MBSR<\/div>\r\n\t\t\t\t\t\t\t\t\t\t\t<\/div>\r\n\t\t<\/div>\r\n\t<\/div>\r\n<\/div><div class=\"easy_testimonial\">\r\n\t<div class=\"light_grey-classic_style\">\r\n\t\t\t\t<script>\r\n\t\t\t{\r\n\t\t\t  \"@context\": \"http:\/\/schema.org\/\",\r\n\t\t\t  \"@type\": \"Review\",\r\n\t\t\t  \"itemReviewed\": {\r\n\t\t\t\t\"@type\": \"Organization\",\r\n\t\t\t\t\"name\": \"Couples therapy client\"\t\t\t  },\r\n\t\t\t  \"reviewRating\": {\r\n\t\t\t\t\"@type\": \"Rating\",\r\n\t\t\t\t\"ratingValue\": 5,\r\n\t\t\t\t\"bestRating\": \"5\"\r\n\t\t\t  },\r\n\t\t\t  \"name\": \"TC, couples therapy\",\r\n\t\t\t  \"author\": {\r\n\t\t\t\t\"@type\": \"Person\",\r\n\t\t\t\t\"name\": \"TC\"\t\t\t  },\r\n\t\t\t  \"reviewBody\": \"You are a remarkable counselor and woman and I just wanted to let you know that. You gave us permission to be sad and angry but you always gently turned us toward each other and nudged us closer to enable empathy and healing and feeling positive and hopeful and I thank you for that from the bottom of my heart.\\n\"\t\t\t}\r\n\t\t<\/script>\r\n\t\t\t\t<div class=\"main-wrapper\">\r\n\t\t\t<div class=\"header-area-3\">\r\n\t\t\t\t<div class=\"title-area-3\">\r\n\t\t\t\t\t\t\t\t\t\t\t\t\t\t\t<div class=\"testimonial-other\">Couples therapy client<\/div>\r\n\t\t\t\t\t\t\t\t\t<\/div>\r\n\t\t\t\t<div class=\"rate-area-3\">\r\n\t\t\t\t\t\t\t\t\t\t<div class=\"date-3\">juillet 26, 2015<\/div>\r\n\t\t\t\t\t\t\t\t\t\t\t\t\t\t<\/div>\r\n\t\t\t<\/div>\r\n\t\t\t<div class=\"main-content-3\">\r\n\t\t\t\t<div class=\"testimonial_body\"><p>You are a remarkable counselor and woman and I just wanted to let you know that. You gave us permission to be sad and angry but you always gently turned us toward each other and nudged us closer to enable empathy and healing and feeling positive and hopeful and I thank you for that from the bottom of my heart.<\/p>\n<\/div>\r\n\t\t\t<\/div>\r\n\t\t<\/div>\r\n\r\n\t\t<div class=\"footer-area-3\">\r\n\t\t\t\t\t\t<div class=\"footer-text-3\">\r\n\t\t\t\t\t\t\t\t<div class=\"testimonial-client\">TC<\/div>\r\n\t\t\t\t\t\t\t\t\t\t\t<\/div>\r\n\t\t<\/div>\r\n\t<\/div>\r\n<\/div><div class=\"easy_testimonial\">\r\n\t<div class=\"light_grey-classic_style\">\r\n\t\t\t\t<script>\r\n\t\t\t{\r\n\t\t\t  \"@context\": \"http:\/\/schema.org\/\",\r\n\t\t\t  \"@type\": \"Review\",\r\n\t\t\t  \"itemReviewed\": {\r\n\t\t\t\t\"@type\": \"Organization\",\r\n\t\t\t\t\"name\": \"\"\t\t\t  },\r\n\t\t\t  \"reviewRating\": {\r\n\t\t\t\t\"@type\": \"Rating\",\r\n\t\t\t\t\"ratingValue\": 5,\r\n\t\t\t\t\"bestRating\": \"5\"\r\n\t\t\t  },\r\n\t\t\t  \"name\": \"~ H\\u00e9l\\u00e8ne\",\r\n\t\t\t  \"author\": {\r\n\t\t\t\t\"@type\": \"Person\",\r\n\t\t\t\t\"name\": \"~ H\\u00e9l\\u00e8ne\"\t\t\t  },\r\n\t\t\t  \"reviewBody\": \"Je vous raconte un peu mon histoire...... Un jour, ma fille me dit: 'Maman, j'ai l'impression que tu es plus nerveuse qu'\\u00e0 l'habitude.' Et quelques jours, auparavant, j'avais re\\u00e7u l'invitation \\u00e0 participer au cours MBSR. J'ai su, d\\u00e9s cet instant que je devais m'y inscrire. Pour tout vous dire, je ne dormais plus aucune nuit au complet. J'\\u00e9tais perturb\\u00e9e par des situations familiales et je ne savais comment r\\u00e9agir en restant fid\\u00e8le \\u00e0 moi-m\\u00eame. Alors, j'ai d\\u00e9but\\u00e9 ce cours , j'ai pratiqu\\u00e9 \\u00e0 chaque jour, et d\\u00e8s la 2i\\u00e8me s\\u00e9ance, je retrouve le sommeil. Depuis, je ressens un grand calme envers les autres et je prends mes d\\u00e9cisions de fa\\u00e7on plus \\u00e9clair\\u00e9e. Je recommande fortement ce cours et je remercie sinc\\u00e8rement Emily.\\n\"\t\t\t}\r\n\t\t<\/script>\r\n\t\t\t\t<div class=\"main-wrapper\">\r\n\t\t\t<div class=\"header-area-3\">\r\n\t\t\t\t<div class=\"title-area-3\">\r\n\t\t\t\t\t\t\t\t\t\t\t\t\t\t<\/div>\r\n\t\t\t\t<div class=\"rate-area-3\">\r\n\t\t\t\t\t\t\t\t\t\t<div class=\"date-3\">f\u00e9vrier 19, 2015<\/div>\r\n\t\t\t\t\t\t\t\t\t\t\t\t\t\t<\/div>\r\n\t\t\t<\/div>\r\n\t\t\t<div class=\"main-content-3\">\r\n\t\t\t\t<div class=\"testimonial_body\"><p>Je vous raconte un peu mon histoire...... Un jour, ma fille me dit: 'Maman, j'ai l'impression que tu es plus nerveuse qu'\u00e0 l'habitude.' Et quelques jours, auparavant, j'avais re\u00e7u l'invitation \u00e0 participer au cours MBSR. J'ai su, d\u00e9s cet instant que je devais m'y inscrire. Pour tout vous dire, je ne dormais plus aucune nuit au complet. J'\u00e9tais perturb\u00e9e par des situations familiales et je ne savais comment r\u00e9agir en restant fid\u00e8le \u00e0 moi-m\u00eame. Alors, j'ai d\u00e9but\u00e9 ce cours , j'ai pratiqu\u00e9 \u00e0 chaque jour, et d\u00e8s la 2i\u00e8me s\u00e9ance, je retrouve le sommeil. Depuis, je ressens un grand calme envers les autres et je prends mes d\u00e9cisions de fa\u00e7on plus \u00e9clair\u00e9e. Je recommande fortement ce cours et je remercie sinc\u00e8rement Emily.<\/p>\n<\/div>\r\n\t\t\t<\/div>\r\n\t\t<\/div>\r\n\r\n\t\t<div class=\"footer-area-3\">\r\n\t\t\t\t\t\t<div class=\"footer-text-3\">\r\n\t\t\t\t\t\t\t\t<div class=\"testimonial-client\">~ H\u00e9l\u00e8ne<\/div>\r\n\t\t\t\t\t\t\t\t\t\t\t<\/div>\r\n\t\t<\/div>\r\n\t<\/div>\r\n<\/div>\n","protected":false},"excerpt":{"rendered":"","protected":false},"author":2,"featured_media":0,"parent":0,"menu_order":0,"comment_status":"open","ping_status":"open","template":"","meta":{"_genesis_hide_title":false,"_genesis_hide_breadcrumbs":false,"_genesis_hide_singular_image":false,"_genesis_hide_footer_widgets":false,"_genesis_custom_body_class":"","_genesis_custom_post_class":"","_genesis_layout":"","footnotes":""},"_links":{"self":[{"href":"https:\/\/emilymoody.com\/fr\/wp-json\/wp\/v2\/pages\/3510"}],"collection":[{"href":"https:\/\/emilymoody.com\/fr\/wp-json\/wp\/v2\/pages"}],"about":[{"href":"https:\/\/emilymoody.com\/fr\/wp-json\/wp\/v2\/types\/page"}],"author":[{"embeddable":true,"href":"https:\/\/emilymoody.com\/fr\/wp-json\/wp\/v2\/users\/2"}],"replies":[{"embeddable":true,"href":"https:\/\/emilymoody.com\/fr\/wp-json\/wp\/v2\/comments?post=3510"}],"version-history":[{"count":17,"href":"https:\/\/emilymoody.com\/fr\/wp-json\/wp\/v2\/pages\/3510\/revisions"}],"predecessor-version":[{"id":4176,"href":"https:\/\/emilymoody.com\/fr\/wp-json\/wp\/v2\/pages\/3510\/revisions\/4176"}],"wp:attachment":[{"href":"https:\/\/emilymoody.com\/fr\/wp-json\/wp\/v2\/media?parent=3510"}],"curies":[{"name":"wp","href":"https:\/\/api.w.org\/{rel}","templated":true}]}}