{"id":3888,"date":"2015-07-15T11:38:48","date_gmt":"2015-07-15T11:38:48","guid":{"rendered":"http:\/\/emilymoody.com\/?page_id=3888"},"modified":"2020-04-14T09:02:53","modified_gmt":"2020-04-14T09:02:53","slug":"mindfulness-self-compassion-2","status":"publish","type":"page","link":"https:\/\/emilymoody.com\/fr\/mindfulness-self-compassion-2\/","title":{"rendered":"La plein conscience &#038; L&#8217;auto-compassion"},"content":{"rendered":"<h3>24 Mai, 2020, 13:30h- 16:30h<\/h3>\n<p><strong>Enseignante\u00a0principal: <a href=\"https:\/\/emilymoody.com\/\">Emily Moody<\/a><\/strong><\/p>\n<p>La pleine conscience et la compassion sont souvent compar\u00e9es aux deux ailes d&#8217;un oiseau, les deux \u00e9tant n\u00e9cessaires pour voler. Dans cet atelier, Emily va guider les participants en leur apprenant \u00e0 commencer ou \u00e0 renforcer une pratique de l\u2019autocompassion.<\/p>\n<p>Au cours de cet atelier, les participants apprendront:<\/p>\n<ul>\n<li>Comment la compassion de soi peut aider \u00e0 soulager les sympt\u00f4mes de stress, l\u2019anxi\u00e9t\u00e9 ou la d\u00e9pression.<\/li>\n<li>Des pratiques d\u2019autocompassion faciles comme la \u00ab\u00a0Self-compassionate pause\u00a0\u00bb et \u00ab\u00a0Soft, Soothe, Allow\u00a0\u00bb telles que d\u00e9velopp\u00e9es par le Dr Kristen Neff.<\/li>\n<li>Comment identifier la petite voix int\u00e9rieure n\u00e9gative et y r\u00e9pondre avec une voix d\u2019autocompassion.<\/li>\n<li>Des mouvements du corps et des exercices de respiration qui favorisent l\u2019autocompassion.<\/li>\n<li>Des exercices de pleine conscience pour soutenir une pratique d\u2019autocompassion.<\/li>\n<\/ul>\n<p>Les trois \u00e9l\u00e9ments cl\u00e9s de l\u2019autocompassion tels qu\u2019enseign\u00e9s par le Dr Kristen Neff sont : l\u2019autobont\u00e9, un sentiment d\u2019humanit\u00e9 commune et la pleine conscience. L\u2019autobont\u00e9 ouvre notre c\u0153ur aux difficult\u00e9s de la vie afin que nous puissions nous \u00e9couter et nous donner ce dont nous avons besoin, l\u2019humanit\u00e9 commune aide \u00e0 nous sentir plus reli\u00e9s aux autres, nous rappelant que nous ne sommes pas seuls et la pleine conscience\u00a0nous aide \u00e0 vivre davantage dans le moment pr\u00e9sent, ce qui nous permet d\u2019accepter plus facilement et avec moins de r\u00e9sistance notre exp\u00e9rience.<\/p>\n<p>La pratique de l\u2019autocompassion nous permet d\u2019acqu\u00e9rir une force et une r\u00e9silience \u00e9motionnelle et nous offre une base sur laquelle nous reposer lors des changements ou des transitions. Ainsi, notre vie en est am\u00e9lior\u00e9e. L\u2019autocompassion nous enseigne \u00e0 nous motiver avec bienveillance plut\u00f4t qu\u2019\u00e0 nous critiquer et \u00e0 ouvrir nos c\u0153urs \u00e0 nous-m\u00eames et aux autres. La recherche qui cro\u00eet rapidement montre que l&#8217;autocompassion est fortement li\u00e9e au bien-\u00eatre \u00e9motionnel, \u00e0 des habitudes saines, par exemple en ce qui a trait \u00e0 l&#8217;alimentation et \u00e0 l&#8217;exercice et aux relations personnelles plus satisfaisantes. Elle diminue aussi le niveau d&#8217;anxi\u00e9t\u00e9 et la d\u00e9pression.<\/p>\n<p><img loading=\"lazy\" decoding=\"async\" class=\" wp-image-4675 alignleft\" src=\"https:\/\/emilymoody.com\/wp-content\/uploads\/2015\/10\/IMG_4559-300x225.jpg\" alt=\"IMG_4559\" width=\"321\" height=\"241\" srcset=\"https:\/\/emilymoody.com\/wp-content\/uploads\/2015\/10\/IMG_4559-300x225.jpg 300w, https:\/\/emilymoody.com\/wp-content\/uploads\/2015\/10\/IMG_4559-768x576.jpg 768w, https:\/\/emilymoody.com\/wp-content\/uploads\/2015\/10\/IMG_4559-1024x768.jpg 1024w\" sizes=\"(max-width: 321px) 100vw, 321px\" \/><\/p>\n<p><strong style=\"line-height: 1.5;\">Location:<\/strong> Studio de Yoga Equilibrium, 4812 Blvd St. Laurent<\/p>\n<p><strong>Tuition:<\/strong> $50 ($40 pour les \u00e9tudiants ou les gens sans travail).<\/p>\n<p><strong>Langue<\/strong>:\u00a0Le cours est en anglais enseign\u00e9 dans un format de discussion bilingue.\u00a0Les re\u00e7us officiels disponibles comme psychoth\u00e9rapeute ou travailleur social.<\/p>\n<p><span style=\"color: #353535;\"><span style=\"font-family: 'Times New Roman', serif;\"><span style=\"font-size: large;\">Pr\u00eat \u00e0 vous inscrire?<\/span><\/span><\/span><\/p>\n<p><a name=\"__DdeLink__3457_1943731546\"><\/a><strong><a href=\"https:\/\/emilymoody.com\/online-registration-mindfulness-self-compassion\/\"> <span style=\"color: #353535;\"><span style=\"font-family: 'Times New Roman', serif;\"><span style=\"font-size: large;\"><u>Pour vous inscrire\u00a0\u00bb<\/u><\/span><\/span><\/span><\/a><\/strong><\/p>\n<p>&nbsp;<\/p>\n<p><a href=\"https:\/\/emilymoody.com\/wp-content\/uploads\/2015\/02\/emily-psychotherapy.png\"><img loading=\"lazy\" decoding=\"async\" class=\"aligncenter size-full wp-image-3373\" src=\"https:\/\/emilymoody.com\/wp-content\/uploads\/2015\/02\/emily-psychotherapy.png\" alt=\"emily psychotherapy\" width=\"143\" height=\"142\" srcset=\"https:\/\/emilymoody.com\/wp-content\/uploads\/2015\/02\/emily-psychotherapy.png 143w, https:\/\/emilymoody.com\/wp-content\/uploads\/2015\/02\/emily-psychotherapy-50x50.png 50w\" sizes=\"(max-width: 143px) 100vw, 143px\" \/><\/a><\/p>\n","protected":false},"excerpt":{"rendered":"<p>24 Mai, 2020, 13:30h- 16:30h Enseignante\u00a0principal: Emily Moody La pleine conscience et la compassion sont souvent compar\u00e9es aux deux ailes d&#8217;un oiseau, les deux \u00e9tant n\u00e9cessaires pour voler. Dans cet atelier, Emily va guider les participants en leur apprenant \u00e0 commencer ou \u00e0 renforcer une pratique de l\u2019autocompassion. Au cours de cet atelier, les participants [&hellip;]<\/p>\n","protected":false},"author":2,"featured_media":4013,"parent":0,"menu_order":0,"comment_status":"open","ping_status":"open","template":"","meta":{"_genesis_hide_title":false,"_genesis_hide_breadcrumbs":false,"_genesis_hide_singular_image":false,"_genesis_hide_footer_widgets":false,"_genesis_custom_body_class":"","_genesis_custom_post_class":"","_genesis_layout":"","footnotes":""},"_links":{"self":[{"href":"https:\/\/emilymoody.com\/fr\/wp-json\/wp\/v2\/pages\/3888"}],"collection":[{"href":"https:\/\/emilymoody.com\/fr\/wp-json\/wp\/v2\/pages"}],"about":[{"href":"https:\/\/emilymoody.com\/fr\/wp-json\/wp\/v2\/types\/page"}],"author":[{"embeddable":true,"href":"https:\/\/emilymoody.com\/fr\/wp-json\/wp\/v2\/users\/2"}],"replies":[{"embeddable":true,"href":"https:\/\/emilymoody.com\/fr\/wp-json\/wp\/v2\/comments?post=3888"}],"version-history":[{"count":65,"href":"https:\/\/emilymoody.com\/fr\/wp-json\/wp\/v2\/pages\/3888\/revisions"}],"predecessor-version":[{"id":5230,"href":"https:\/\/emilymoody.com\/fr\/wp-json\/wp\/v2\/pages\/3888\/revisions\/5230"}],"wp:featuredmedia":[{"embeddable":true,"href":"https:\/\/emilymoody.com\/fr\/wp-json\/wp\/v2\/media\/4013"}],"wp:attachment":[{"href":"https:\/\/emilymoody.com\/fr\/wp-json\/wp\/v2\/media?parent=3888"}],"curies":[{"name":"wp","href":"https:\/\/api.w.org\/{rel}","templated":true}]}}