{"id":4140,"date":"2015-10-02T12:23:39","date_gmt":"2015-10-02T12:23:39","guid":{"rendered":"http:\/\/emilymoody.com\/fr\/mindfulness-based-self-compassion-msc\/"},"modified":"2026-01-24T13:18:25","modified_gmt":"2026-01-24T13:18:25","slug":"mindfulness-based-self-compassion-msc","status":"publish","type":"page","link":"https:\/\/emilymoody.com\/fr\/mindfulness-based-self-compassion-msc\/","title":{"rendered":"Mindful Self Compassion (MSC) (l\u2019autocompassion consciente)"},"content":{"rendered":"<h3>This workshop is not being offered at this time, please subscribe to Emily\u2019s newsletter for announcements of further dates.<\/h3>\n<p><strong>Enseignant Principal:\u00a0<a href=\"https:\/\/emilymoody.com\/\">Emily Moody<\/a>\u00a0avec co-enseignante\u00a0<a href=\"#JC\">Janice Cormier<\/a><\/strong><\/p>\n<p>Mindful Self Compassion (MSC) (l\u2019autocompassion consciente) est un programme de 8 semaines soutenu de fa\u00e7on empirique visant \u00e0 d\u00e9velopper la capacit\u00e9 d&#8217;autocompassion. La pleine conscience et la compassion sont souvent compar\u00e9es aux deux ailes d&#8217;un oiseau, les deux \u00e9tant n\u00e9cessaires pour voler. La pleine conscience nous enseigne \u00e0 nous reposer sur notre exp\u00e9rience et \u00e0 la reconna\u00eetre avec un esprit ouvert et curieux et l\u2019autocompassion nous permet de faire face \u00e0 toutes les difficult\u00e9s qui surgissent avec bienveillance, chaleur et compr\u00e9hension. La pleine conscience alli\u00e9e \u00e0 l&#8217;autocompassion nous procure un bien-\u00eatre et rend nos vies quotidiennes plus faciles \u00e0 g\u00e9rer.<\/p>\n<p>L&#8217;autocompassion nous donne la force \u00e9motionnelle et la r\u00e9silience n\u00e9cessaires pour faire preuve d\u2019autant de bienveillance et de compr\u00e9hension envers nous-m\u00eames que s\u2019il s\u2019agissait d\u2019un bon ami. Gr\u00e2ce \u00e0 l&#8217;autocompassion, nous pouvons nous motiver \u00e0 l\u2019aide d\u2019encouragements, nous pardonner, \u00eatre indulgents envers nos d\u00e9fauts, prendre soin des autres tout en prenant soin de nous et vivre de mani\u00e8re plus authentique. La recherche qui cro\u00eet rapidement montre que l&#8217;autocompassion est fortement li\u00e9e au bien-\u00eatre \u00e9motionnel, \u00e0 des habitudes saines, par exemple en ce qui a trait \u00e0 l&#8217;alimentation et \u00e0 l&#8217;exercice, et aux relations personnelles plus satisfaisantes<\/p>\n<p><strong>Horaire<\/strong>: huit vendredis matin, de 9- 12 h (plus une journ\u00e9e de retraite le 24 Mai, de 13:30- 17:30 h).<\/p>\n<p><strong>Langue<\/strong>: le cours est donn\u00e9 en anglais et les s\u00e9ances de discussion sont bilingues.<\/p>\n<p>L&#8217;autocompassion est une comp\u00e9tence pouvant \u00eatre d\u00e9velopp\u00e9e par tous, m\u00eame par ceux qui n\u2019ont pas eu de mod\u00e8le de compassion dans leur enfance ou qui ont une petite voix int\u00e9rieure n\u00e9gative fortement d\u00e9velopp\u00e9e. Une exp\u00e9rience pr\u00e9alable en m\u00e9ditation n&#8217;est pas n\u00e9cessaire, mais peut s\u2019av\u00e9rer utile. La MSC est bas\u00e9e sur la recherche des psychologues Kristin Neff et Christopher Germer et suit le format du programme de r\u00e9duction du stress bas\u00e9e sur la pleine conscience (MBSR). Le programme comporte une pratique de la m\u00e9ditation, un travail sur le corps, de courtes s\u00e9ances de discussion et des discussions de groupe. Ce programme complet \u00e0 multiples facettes permet de d\u00e9velopper la capacit\u00e9 d\u2019autocompassion et la pleine conscience dans la vie quotidienne.<\/p>\n<p>Dans ce cours, vous apprendrez:<\/p>\n<ul>\n<li>Les trois \u00e9l\u00e9ments cl\u00e9s de l&#8217;autocompassion soient l\u2019autobont\u00e9, le sentiment d&#8217;humanit\u00e9 commune et la pleine conscience.<\/li>\n<li>Des exercices de pleine conscience et d\u2019autocompassion pour la maison et la vie quotidienne.<\/li>\n<li>Des exercices physiques inspir\u00e9s par l&#8217;autocompassion.<\/li>\n<li>La science et la recherche sur l&#8217;autocompassion.<\/li>\n<li>Comment g\u00e9rer plus facilement les \u00e9motions difficiles.<\/li>\n<li>Comment se motiver avec bienveillance plut\u00f4t qu\u2019avec un esprit critique.<\/li>\n<li>Comment identifier votre petite voix int\u00e9rieure n\u00e9gative et mieux g\u00e9rer votre tendance au perfectionnisme et \u00e0 vous rabaisser ainsi que votre faible estime de vous.<\/li>\n<li>Comment arr\u00eater d&#8217;\u00eatre si dur envers vous-m\u00eame et devenir votre meilleur mentor personnel.<\/li>\n<li>Comment la compassion peut transformer les relations difficiles, autant les anciennes que les nouvelles.<\/li>\n<li>L&#8217;art de savourer les exp\u00e9riences positives et l\u2019autoappr\u00e9ciation.<\/li>\n<\/ul>\n<p>Emily a \u00e9tudi\u00e9 au Center of Mindful Self Compassion et a re\u00e7u une formation sous la direction des Drs Kristen Neff et Chris Germer. Elle offre des ateliers de r\u00e9duction du stress bas\u00e9e sur la pleine conscience depuis 6 ans et est tr\u00e8s enthousiaste de pouvoir partager sa nouvelle passion pour la recherche et la pratique en mati\u00e8re d\u2019autocompassion consciente, domaine en plein essor.<\/p>\n<p>* Afin que la formation de la pleine conscience et compassion peut \u00eatre plus accessible \u00e0 tous, Emily offre maintenant plusieurs <strong>stages de bourses d\u2019\u00e9tudes<\/strong> (30% \u00e0 taux r\u00e9duit) pour\u00a0chacun de ses cours de 8 semaines. Si vous souhaitez d\u2019appliquer\u00a0pour ce placement de la bourse s\u2019il vous pla\u00eet communiquer avec Emily par courriel: info@emilymoody.com.<\/p>\n<p>Ce cours est approuv\u00e9 par l&#8217;Ordre des Psychologues du Qu\u00e9bec pour<strong> 24\u00a0heures de formation continue. <\/strong>(Num\u00e9ro de cours : RA01844-16)<\/p>\n<p>Les re\u00e7us officiels disponibles comme psychoth\u00e9rapeute ou travailleur social.<\/p>\n<p><span style=\"color: #353535;\"><span style=\"font-family: 'Times New Roman', serif;\"><span style=\"font-size: large;\"><u>Pr\u00eat \u00e0 vous inscrire?<\/u><\/span><\/span><\/span><\/p>\n<p><a href=\"https:\/\/emilymoody.com\/online-registration-mindfulness-self-compassion-msc\/\"><span style=\"font-family: 'Times New Roman', serif;\"><span style=\"font-size: large;\">Pour vous inscrire \u00bb<\/span><\/span><\/a><\/p>\n<p>Si vous pr\u00e9f\u00e9rez payer par ch\u00e8que, s\u2019il vous pla\u00eet envoyer un ch\u00e8que \u00e9crit \u00e0 mon nom pour le d\u00e9p\u00f4t \u00e0 mon adresse de bureau ci-dessous:<\/p>\n<p>Emily Moody<br \/>\n1,217 Bernard, n \u00b0 217<br \/>\nOutremont, QC, H2V 1V7<\/p>\n","protected":false},"excerpt":{"rendered":"<p>This workshop is not being offered at this time, please subscribe to Emily\u2019s newsletter for announcements of further dates. Enseignant Principal:\u00a0Emily Moody\u00a0avec co-enseignante\u00a0Janice Cormier Mindful Self Compassion (MSC) (l\u2019autocompassion consciente) est un programme de 8 semaines soutenu de fa\u00e7on empirique visant \u00e0 d\u00e9velopper la capacit\u00e9 d&#8217;autocompassion. La pleine conscience et la compassion sont souvent compar\u00e9es [&hellip;]<\/p>\n","protected":false},"author":2,"featured_media":0,"parent":0,"menu_order":0,"comment_status":"open","ping_status":"open","template":"","meta":{"_genesis_hide_title":false,"_genesis_hide_breadcrumbs":false,"_genesis_hide_singular_image":false,"_genesis_hide_footer_widgets":false,"_genesis_custom_body_class":"","_genesis_custom_post_class":"","_genesis_layout":"","footnotes":""},"_links":{"self":[{"href":"https:\/\/emilymoody.com\/fr\/wp-json\/wp\/v2\/pages\/4140"}],"collection":[{"href":"https:\/\/emilymoody.com\/fr\/wp-json\/wp\/v2\/pages"}],"about":[{"href":"https:\/\/emilymoody.com\/fr\/wp-json\/wp\/v2\/types\/page"}],"author":[{"embeddable":true,"href":"https:\/\/emilymoody.com\/fr\/wp-json\/wp\/v2\/users\/2"}],"replies":[{"embeddable":true,"href":"https:\/\/emilymoody.com\/fr\/wp-json\/wp\/v2\/comments?post=4140"}],"version-history":[{"count":73,"href":"https:\/\/emilymoody.com\/fr\/wp-json\/wp\/v2\/pages\/4140\/revisions"}],"predecessor-version":[{"id":5325,"href":"https:\/\/emilymoody.com\/fr\/wp-json\/wp\/v2\/pages\/4140\/revisions\/5325"}],"wp:attachment":[{"href":"https:\/\/emilymoody.com\/fr\/wp-json\/wp\/v2\/media?parent=4140"}],"curies":[{"name":"wp","href":"https:\/\/api.w.org\/{rel}","templated":true}]}}